{"id":2702,"date":"2024-02-25T10:47:58","date_gmt":"2024-02-25T17:47:58","guid":{"rendered":"https:\/\/serendipityventures.com\/vacaciones\/"},"modified":"2025-09-04T13:25:35","modified_gmt":"2025-09-04T19:25:35","slug":"vacaciones","status":"publish","type":"page","link":"https:\/\/serendipityventures.com\/es\/vacaciones\/","title":{"rendered":"Vacaciones"},"content":{"rendered":"<p>[et_pb_section fb_built=\u00bb1&#8243; admin_label=\u00bbHero\u00bb _builder_version=\u00bb4.27.0&#8243; _module_preset=\u00bb74c69059-8e69-4122-b1e6-dfeabf6c5711&#8243; use_background_color_gradient=\u00bbon\u00bb background_color_gradient_stops=\u00bbrgba(0,0,0,0.6) 0%|rgba(0,0,0,0.9) 100%\u00bb background_color_gradient_overlays_image=\u00bbon\u00bb background_color_gradient_start=\u00bbrgba(0,0,0,0.5)\u00bb background_color_gradient_end=\u00bbrgba(0,0,0,0.75)\u00bb background_image=\u00bbhttps:\/\/serendipityventures.com\/wp-content\/uploads\/2021\/04\/1.png\u00bb background_blend=\u00bblighten\u00bb custom_padding=\u00bb8%||0px||false|false\u00bb locked=\u00bboff\u00bb collapsed=\u00bbon\u00bb global_colors_info=\u00bb{}\u00bb][et_pb_row _builder_version=\u00bb4.18.0&#8243; _module_preset=\u00bb5138c454-be54-4233-bd3b-f8e6a8747976&#8243; locked=\u00bboff\u00bb global_colors_info=\u00bb{}\u00bb][et_pb_column type=\u00bb4_4&#8243; _builder_version=\u00bb4.16&#8243; _module_preset=\u00bb73121f80-a3ef-4484-8763-c3f18e3c56d2&#8243; global_colors_info=\u00bb{}\u00bb][et_pb_heading title=\u00bbVacaciones\u00bb _builder_version=\u00bb4.27.0&#8243; _module_preset=\u00bbddeb8c09-9078-4424-bc15-2efb6572e28e\u00bb title_font=\u00bbPlayfair Display|Playfair Display_weight|||||||\u00bb title_text_color=\u00bb#FFFFFF\u00bb title_font_size=\u00bb72px\u00bb title_line_height=\u00bb1.15em\u00bb title_font_size_tablet=\u00bb40px\u00bb title_font_size_phone=\u00bb24px\u00bb title_font_size_last_edited=\u00bbon|phone\u00bb locked=\u00bboff\u00bb global_colors_info=\u00bb{}\u00bb][\/et_pb_heading][et_pb_text quote_border_color=\u00bb#FFFFFF\u00bb _builder_version=\u00bb4.27.0&#8243; _module_preset=\u00bb0504de1e-f5ff-4281-ba60-cbbe4edf98bc\u00bb text_font=\u00bbSource Sans Pro|Source Sans Pro_weight|||||||\u00bb text_text_color=\u00bb#FFFFFF\u00bb text_line_height=\u00bb1.75em\u00bb link_font=\u00bb||||on||||\u00bb link_text_color=\u00bb#FFFFFF\u00bb quote_font=\u00bbPlayfair Display|Playfair Display_weight|||||||\u00bb quote_text_color=\u00bb#FFFFFF\u00bb header_font=\u00bbPlayfair Display|Playfair Display_weight|||||||\u00bb header_text_color=\u00bb#FFFFFF\u00bb header_font_size=\u00bb72px\u00bb header_line_height=\u00bb1.15em\u00bb header_2_font=\u00bbPlayfair Display|Playfair Display_weight|||||||\u00bb header_2_text_color=\u00bb#FFFFFF\u00bb header_2_font_size=\u00bb50px\u00bb header_2_line_height=\u00bb1.2em\u00bb header_3_font=\u00bbPlayfair Display|Playfair Display_weight|||||||\u00bb header_3_text_color=\u00bb#FFFFFF\u00bb header_3_font_size=\u00bb32px\u00bb header_3_line_height=\u00bb1.3em\u00bb header_4_font=\u00bbPlayfair Display|Playfair Display_weight|||||||\u00bb header_4_text_color=\u00bb#FFFFFF\u00bb header_4_font_size=\u00bb24px\u00bb header_4_line_height=\u00bb1.4em\u00bb header_5_font=\u00bbPlayfair Display|Playfair Display_weight|||||||\u00bb header_5_text_color=\u00bb#FFFFFF\u00bb header_5_font_size=\u00bb18px\u00bb header_5_line_height=\u00bb1.4em\u00bb header_6_font=\u00bbPlayfair Display|Playfair Display_weight|||||||\u00bb header_6_text_color=\u00bb#FFFFFF\u00bb header_6_line_height=\u00bb1.5em\u00bb custom_margin=\u00bb||||false|false\u00bb text_font_size_tablet=\u00bb15px\u00bb text_font_size_phone=\u00bb14px\u00bb text_font_size_last_edited=\u00bbon|phone\u00bb header_font_size_tablet=\u00bb40px\u00bb header_font_size_phone=\u00bb24px\u00bb header_font_size_last_edited=\u00bbon|desktop\u00bb header_2_font_size_tablet=\u00bb28px\u00bb header_2_font_size_phone=\u00bb20px\u00bb header_2_font_size_last_edited=\u00bbon|phone\u00bb header_3_font_size_tablet=\u00bb22px\u00bb header_3_font_size_phone=\u00bb17px\u00bb header_3_font_size_last_edited=\u00bbon|phone\u00bb header_4_font_size_tablet=\u00bb18px\u00bb header_4_font_size_phone=\u00bb15px\u00bb header_4_font_size_last_edited=\u00bbon|tablet\u00bb header_5_font_size_tablet=\u00bb15px\u00bb header_5_font_size_phone=\u00bb14px\u00bb header_5_font_size_last_edited=\u00bbon|desktop\u00bb header_6_font_size_tablet=\u00bb13px\u00bb header_6_font_size_phone=\u00bb13px\u00bb header_6_font_size_last_edited=\u00bbon|desktop\u00bb locked=\u00bboff\u00bb global_colors_info=\u00bb{}\u00bb]<\/p>\n<p>Todos Santos es un peque\u00f1o pueblo costero con impresionantes vistas al mar, restaurantes incre\u00edbles y una vibrante escena art\u00edstica. Disfruta de mariscos frescos, explora galer\u00edas locales o rel\u00e1jate en hermosas playas: esta joya escondida ofrece la escapada perfecta en Baja.<\/p>\n<p>[\/et_pb_text][\/et_pb_column][\/et_pb_row][\/et_pb_section][et_pb_section fb_built=\u00bb1&#8243; specialty=\u00bbon\u00bb parallax_2=\u00bbon\u00bb _builder_version=\u00bb4.23.4&#8243; _module_preset=\u00bbdefault\u00bb background_color=\u00bbRGBA(255,255,255,0)\u00bb inner_module_alignment=\u00bbcenter\u00bb global_colors_info=\u00bb{}\u00bb][et_pb_column type=\u00bb1_2&#8243; specialty_columns=\u00bb2&#8243; _builder_version=\u00bb4.16&#8243; custom_padding=\u00bb|||\u00bb global_colors_info=\u00bb{}\u00bb custom_padding__hover=\u00bb|||\u00bb][et_pb_row_inner _builder_version=\u00bb4.23.4&#8243; _module_preset=\u00bbdefault\u00bb global_colors_info=\u00bb{}\u00bb][et_pb_column_inner saved_specialty_column_type=\u00bb1_2&#8243; _builder_version=\u00bb4.23.4&#8243; _module_preset=\u00bbdefault\u00bb global_colors_info=\u00bb{}\u00bb][et_pb_text _builder_version=\u00bb4.23.4&#8243; _module_preset=\u00bbdefault\u00bb global_colors_info=\u00bb{}\u00bb]<\/p>\n<p>Serendipity es un espacioso bed and breakfast estilo hacienda con la sensaci\u00f3n \u00edntima de una casa o villa privada, perfecto para vacaciones tranquilas, lunas de miel o escapadas de fin de semana, pero lo suficientemente espacioso como para ofrecer habitaciones y \u00e1reas comunes para reuniones familiares o peque\u00f1as reuniones. Ubicado en 10 acres de tierra en el Oc\u00e9ano Pac\u00edfico, brindamos una exuberante belleza natural, un entorno oce\u00e1nico tranquilo y la hospitalidad y el ambiente tradicional mexicano para sus pr\u00f3ximas vacaciones.<\/p>\n<p>A 2 km de la ciudad, Serendipity ofrece acceso equitativo al ajetreo y el bullicio de la vida \u00abPueblo\u00bb y las \u00e1reas naturales m\u00e1s abiertas que rodean Todos Santos. Los entusiastas de las actividades al aire libre encontrar\u00e1n una gran cantidad de oportunidades para practicar senderismo, exploraci\u00f3n de monta\u00f1as, surf, pesca, liberaci\u00f3n de tortugas, avistamiento de ballenas, excursiones de un d\u00eda para nadar con tiburones ballena, montar a caballo o simplemente sentarse en la playa viendo incre\u00edbles puestas de sol. Trabajamos con varios proveedores de servicios para poner a su disposici\u00f3n una variedad de actividades individuales y familiares.<\/p>\n<p>[\/et_pb_text][\/et_pb_column_inner][\/et_pb_row_inner][\/et_pb_column][et_pb_column type=\u00bb1_2&#8243; _builder_version=\u00bb4.16&#8243; custom_padding=\u00bb|||\u00bb global_colors_info=\u00bb{}\u00bb custom_padding__hover=\u00bb|||\u00bb][dnxte_minimal_image_hover image=\u00bbhttp:\/\/serendipityventures.com\/wp-content\/uploads\/2021\/04\/6-1.png\u00bb dnxtmih_image_hover_effect=\u00bbeffect9&#8243; _builder_version=\u00bb4.23.4&#8243; _module_preset=\u00bbdefault\u00bb background_enable_image=\u00bboff\u00bb global_colors_info=\u00bb{}\u00bb][\/dnxte_minimal_image_hover][\/et_pb_column][\/et_pb_section][et_pb_section fb_built=\u00bb1&#8243; _builder_version=\u00bb4.23.4&#8243; _module_preset=\u00bbdefault\u00bb background_color=\u00bbRGBA(255,255,255,0)\u00bb custom_padding=\u00bb0px||0px||true|false\u00bb global_colors_info=\u00bb{}\u00bb][et_pb_row _builder_version=\u00bb4.23.4&#8243; _module_preset=\u00bbdefault\u00bb global_colors_info=\u00bb{}\u00bb][et_pb_column type=\u00bb4_4&#8243; _builder_version=\u00bb4.23.4&#8243; _module_preset=\u00bbdefault\u00bb global_colors_info=\u00bb{}\u00bb][et_pb_heading title=\u00bbNo es sorprendente que muchos visitantes que se toman el tiempo para explorar todos santos y sus alrededores regresen muchas veces y se conviertan en parte de nuestra familia serendipity.\u00bb _builder_version=\u00bb4.27.0&#8243; _module_preset=\u00bbdefault\u00bb title_level=\u00bbh2&#8243; title_font=\u00bb||on||||||\u00bb title_text_align=\u00bbcenter\u00bb title_text_color=\u00bbgcid-a3fe235b-8af7-4ff3-a3af-ca0bb7187a67&#8243; title_font_size=\u00bb22px\u00bb title_line_height=\u00bb1.4em\u00bb background_enable_color=\u00bboff\u00bb hover_enabled=\u00bb0&#8243; global_colors_info=\u00bb{%22gcid-a3fe235b-8af7-4ff3-a3af-ca0bb7187a67%22:%91%22title_text_color%22%93}\u00bb sticky_enabled=\u00bb0&#8243;][\/et_pb_heading][et_pb_button button_text=\u00bbPlanea tus vacaciones con nosotros\u00bb button_alignment=\u00bbcenter\u00bb module_id=\u00bbpopup_2286&#8243; _builder_version=\u00bb4.23.4&#8243; _module_preset=\u00bb228615d6-ff60-4886-b580-b092e378a826&#8243; button_icon=\u00bb&#xf5c1;||fa||900&#8243; global_colors_info=\u00bb{}\u00bb][\/et_pb_button][\/et_pb_column][\/et_pb_row][\/et_pb_section][et_pb_section fb_built=\u00bb1&#8243; _builder_version=\u00bb4.23.4&#8243; _module_preset=\u00bbdefault\u00bb background_color=\u00bbRGBA(255,255,255,0)\u00bb global_colors_info=\u00bb{}\u00bb][et_pb_row _builder_version=\u00bb4.23.4&#8243; _module_preset=\u00bbdefault\u00bb global_colors_info=\u00bb{}\u00bb][et_pb_column type=\u00bb4_4&#8243; _builder_version=\u00bb4.23.4&#8243; _module_preset=\u00bbdefault\u00bb global_colors_info=\u00bb{}\u00bb][dnxte_masonary gallery_ids=\u00bb1564,1563,1562,1560,1561,1559,1557&#8243; dnxte_msnary_overlay_bg_color=\u00bbrgba(106,151,146,0.7)\u00bb dnxte_columns_tablet=\u00bb2&#8243; dnxte_columns_phone=\u00bb2&#8243; dnxte_columns_last_edited=\u00bbon|phone\u00bb _builder_version=\u00bb4.27.0&#8243; _module_preset=\u00bbdefault\u00bb global_colors_info=\u00bb{}\u00bb][\/dnxte_masonary][\/et_pb_column][\/et_pb_row][\/et_pb_section]<\/p>\n","protected":false},"excerpt":{"rendered":"<p>Todos Santos es un peque\u00f1o pueblo costero con impresionantes vistas al mar, restaurantes incre\u00edbles y una vibrante escena art\u00edstica. Disfruta de mariscos frescos, explora galer\u00edas locales o rel\u00e1jate en hermosas playas: esta joya escondida ofrece la escapada perfecta en Baja.Serendipity es un espacioso bed and breakfast estilo hacienda con la sensaci\u00f3n \u00edntima de una casa [&hellip;]<\/p>\n","protected":false},"author":3,"featured_media":0,"parent":0,"menu_order":0,"comment_status":"closed","ping_status":"closed","template":"","meta":{"_acf_changed":false,"_et_pb_use_builder":"on","_et_pb_old_content":"","_et_gb_content_width":"","footnotes":""},"class_list":["post-2702","page","type-page","status-publish","hentry"],"acf":[],"_links":{"self":[{"href":"https:\/\/serendipityventures.com\/es\/wp-json\/wp\/v2\/pages\/2702","targetHints":{"allow":["GET"]}}],"collection":[{"href":"https:\/\/serendipityventures.com\/es\/wp-json\/wp\/v2\/pages"}],"about":[{"href":"https:\/\/serendipityventures.com\/es\/wp-json\/wp\/v2\/types\/page"}],"author":[{"embeddable":true,"href":"https:\/\/serendipityventures.com\/es\/wp-json\/wp\/v2\/users\/3"}],"replies":[{"embeddable":true,"href":"https:\/\/serendipityventures.com\/es\/wp-json\/wp\/v2\/comments?post=2702"}],"version-history":[{"count":9,"href":"https:\/\/serendipityventures.com\/es\/wp-json\/wp\/v2\/pages\/2702\/revisions"}],"predecessor-version":[{"id":4426,"href":"https:\/\/serendipityventures.com\/es\/wp-json\/wp\/v2\/pages\/2702\/revisions\/4426"}],"wp:attachment":[{"href":"https:\/\/serendipityventures.com\/es\/wp-json\/wp\/v2\/media?parent=2702"}],"curies":[{"name":"wp","href":"https:\/\/api.w.org\/{rel}","templated":true}]}}