{"id":2711,"date":"2024-02-25T14:07:13","date_gmt":"2024-02-25T21:07:13","guid":{"rendered":"https:\/\/serendipityventures.com\/retiros-y-grupos\/"},"modified":"2025-09-04T13:22:32","modified_gmt":"2025-09-04T19:22:32","slug":"retiros-y-grupos","status":"publish","type":"page","link":"https:\/\/serendipityventures.com\/es\/retiros-y-grupos\/","title":{"rendered":"Retiros y Eventos"},"content":{"rendered":"<p>[et_pb_section fb_built=\u00bb1&#8243; admin_label=\u00bbHero\u00bb _builder_version=\u00bb4.27.0&#8243; _module_preset=\u00bb74c69059-8e69-4122-b1e6-dfeabf6c5711&#8243; use_background_color_gradient=\u00bbon\u00bb background_color_gradient_stops=\u00bbrgba(0,0,0,0.6) 0%|rgba(0,0,0,0.9) 100%\u00bb background_color_gradient_overlays_image=\u00bbon\u00bb background_color_gradient_start=\u00bbrgba(0,0,0,0.5)\u00bb background_color_gradient_end=\u00bbrgba(0,0,0,0.75)\u00bb background_image=\u00bbhttps:\/\/serendipityventures.com\/wp-content\/uploads\/2025\/08\/IMG_1737-2-scaled.jpg\u00bb background_blend=\u00bbsoft-light\u00bb custom_padding=\u00bb8%||0px||false|false\u00bb locked=\u00bboff\u00bb collapsed=\u00bbon\u00bb global_colors_info=\u00bb{}\u00bb][et_pb_row _builder_version=\u00bb4.18.0&#8243; _module_preset=\u00bb5138c454-be54-4233-bd3b-f8e6a8747976&#8243; locked=\u00bboff\u00bb global_colors_info=\u00bb{}\u00bb][et_pb_column type=\u00bb4_4&#8243; _builder_version=\u00bb4.16&#8243; _module_preset=\u00bb73121f80-a3ef-4484-8763-c3f18e3c56d2&#8243; global_colors_info=\u00bb{}\u00bb][et_pb_heading title=\u00bbGrupos\u00bb _builder_version=\u00bb4.27.0&#8243; _module_preset=\u00bbddeb8c09-9078-4424-bc15-2efb6572e28e\u00bb title_font=\u00bbPlayfair Display|Playfair Display_weight|||||||\u00bb title_text_color=\u00bb#FFFFFF\u00bb title_font_size=\u00bb72px\u00bb title_line_height=\u00bb1.15em\u00bb title_font_size_tablet=\u00bb40px\u00bb title_font_size_phone=\u00bb24px\u00bb title_font_size_last_edited=\u00bbon|phone\u00bb locked=\u00bboff\u00bb global_colors_info=\u00bb{}\u00bb][\/et_pb_heading][\/et_pb_column][\/et_pb_row][et_pb_row _builder_version=\u00bb4.27.0&#8243; _module_preset=\u00bbdefault\u00bb custom_margin=\u00bb-31px|auto||auto||\u00bb global_colors_info=\u00bb{}\u00bb][et_pb_column type=\u00bb4_4&#8243; _builder_version=\u00bb4.27.0&#8243; _module_preset=\u00bbdefault\u00bb global_colors_info=\u00bb{}\u00bb][et_pb_text _builder_version=\u00bb4.27.0&#8243; _module_preset=\u00bbdefault\u00bb global_colors_info=\u00bb{}\u00bb]<\/p>\n<p data-start=\"420\" data-end=\"680\"><span style=\"color: #ffffff;\">En Serendipity creemos en la magia de reunirse, ya sea para crear, celebrar o simplemente conectar. Desde nuestro Retiro Anual de Escritores, donde la creatividad fluye tan libremente como el caf\u00e9, hasta fiestas de cumplea\u00f1os \u00edntimas, baby showers, c\u00edrculos de bienestar y talleres profesionales, Serendipity es el escenario perfecto para tu pr\u00f3ximo momento significativo. <\/span><\/p>\n<p data-start=\"682\" data-end=\"693\">[\/et_pb_text][\/et_pb_column][\/et_pb_row][\/et_pb_section][et_pb_section fb_built=\u00bb1&#8243; specialty=\u00bbon\u00bb parallax_2=\u00bbon\u00bb _builder_version=\u00bb4.23.4&#8243; _module_preset=\u00bbdefault\u00bb background_color=\u00bbRGBA(255,255,255,0)\u00bb inner_module_alignment=\u00bbcenter\u00bb global_colors_info=\u00bb{}\u00bb][et_pb_column type=\u00bb1_2&#8243; specialty_columns=\u00bb2&#8243; _builder_version=\u00bb4.16&#8243; custom_padding=\u00bb|||\u00bb global_colors_info=\u00bb{}\u00bb custom_padding__hover=\u00bb|||\u00bb][et_pb_row_inner _builder_version=\u00bb4.23.4&#8243; _module_preset=\u00bbdefault\u00bb global_colors_info=\u00bb{}\u00bb][et_pb_column_inner saved_specialty_column_type=\u00bb1_2&#8243; _builder_version=\u00bb4.23.4&#8243; _module_preset=\u00bbdefault\u00bb global_colors_info=\u00bb{}\u00bb][et_pb_heading title=\u00bbRetiros, Grupos y Eventos\u00bb _builder_version=\u00bb4.27.0&#8243; _module_preset=\u00bbdefault\u00bb global_colors_info=\u00bb{}\u00bb][\/et_pb_heading][et_pb_text _builder_version=\u00bb4.23.4&#8243; _module_preset=\u00bbdefault\u00bb global_colors_info=\u00bb{}\u00bb]<\/p>\n<p>Serendipity tiene la sensaci\u00f3n \u00edntima de una casa o villa privada, pero es lo suficientemente espaciosa para acomodar una variedad de retiros y grupos. Los patios abiertos y las \u00e1reas de descanso brindan flexibilidad tanto para sesiones grupales como para tiempo privado.<\/p>\n<p>Nos especializamos en retiros m\u00e1s peque\u00f1os e \u00edntimos de hasta 20 personas, pero tambi\u00e9n podemos albergar grupos m\u00e1s grandes. Un total de 25 personas pueden alojarse en la propiedad con alojamiento compartido y varias propiedades vecinas tambi\u00e9n est\u00e1n disponibles para albergar a personas adicionales. Se pueden proporcionar servicios de catering completos o parciales.<\/p>\n<p>Tarifas para grupos: dependiendo del tama\u00f1o del grupo, la cantidad de habitaciones reservadas y\/o las comidas incluidas, las tarifas pueden variar.<\/p>\n<p>[\/et_pb_text][\/et_pb_column_inner][\/et_pb_row_inner][\/et_pb_column][et_pb_column type=\u00bb1_2&#8243; _builder_version=\u00bb4.16&#8243; custom_padding=\u00bb|||\u00bb global_colors_info=\u00bb{}\u00bb custom_padding__hover=\u00bb|||\u00bb][dnxte_minimal_image_hover image=\u00bbhttps:\/\/serendipityventures.com\/wp-content\/uploads\/2021\/04\/group-crafts.png\u00bb dnxtmih_image_hover_effect=\u00bbeffect9&#8243; _builder_version=\u00bb4.27.0&#8243; _module_preset=\u00bbdefault\u00bb background_enable_image=\u00bboff\u00bb global_colors_info=\u00bb{}\u00bb][\/dnxte_minimal_image_hover][\/et_pb_column][\/et_pb_section][et_pb_section fb_built=\u00bb1&#8243; _builder_version=\u00bb4.23.4&#8243; _module_preset=\u00bbdefault\u00bb background_color=\u00bbRGBA(255,255,255,0)\u00bb custom_padding=\u00bb0px||0px||true|false\u00bb global_colors_info=\u00bb{}\u00bb][et_pb_row _builder_version=\u00bb4.23.4&#8243; _module_preset=\u00bbdefault\u00bb global_colors_info=\u00bb{}\u00bb][et_pb_column type=\u00bb4_4&#8243; _builder_version=\u00bb4.23.4&#8243; _module_preset=\u00bbdefault\u00bb global_colors_info=\u00bb{}\u00bb][et_pb_heading title=\u00bbPara grupos o eventos m\u00e1s grandes, cont\u00e1ctenos.\u00bb _builder_version=\u00bb4.23.4&#8243; _module_preset=\u00bbdefault\u00bb title_level=\u00bbh2&#8243; title_font=\u00bb||on||||||\u00bb title_text_align=\u00bbcenter\u00bb title_text_color=\u00bbgcid-a3fe235b-8af7-4ff3-a3af-ca0bb7187a67&#8243; title_font_size=\u00bb22px\u00bb title_line_height=\u00bb1.4em\u00bb background_enable_color=\u00bboff\u00bb global_colors_info=\u00bb{%22gcid-a3fe235b-8af7-4ff3-a3af-ca0bb7187a67%22:%91%22title_text_color%22%93}\u00bb][\/et_pb_heading][et_pb_button button_text=\u00bbReserva un retiro\u00bb button_alignment=\u00bbcenter\u00bb module_id=\u00bbpopup_2286&#8243; _builder_version=\u00bb4.23.4&#8243; _module_preset=\u00bb228615d6-ff60-4886-b580-b092e378a826&#8243; button_icon=\u00bb&#xf5c1;||fa||900&#8243; global_colors_info=\u00bb{}\u00bb][\/et_pb_button][\/et_pb_column][\/et_pb_row][\/et_pb_section][et_pb_section fb_built=\u00bb1&#8243; _builder_version=\u00bb4.27.0&#8243; _module_preset=\u00bbdefault\u00bb background_color=\u00bbgcid-e2378063-d6cd-4509-b18c-382132f81531&#8243; min_height=\u00bb419.4px\u00bb global_colors_info=\u00bb{%22gcid-e2378063-d6cd-4509-b18c-382132f81531%22:%91%22background_color%22%93}\u00bb][et_pb_row _builder_version=\u00bb4.27.0&#8243; _module_preset=\u00bbdefault\u00bb custom_margin=\u00bb-50px|auto||auto||\u00bb custom_padding=\u00bb||0px|||\u00bb global_colors_info=\u00bb{}\u00bb][et_pb_column type=\u00bb4_4&#8243; _builder_version=\u00bb4.27.0&#8243; _module_preset=\u00bbdefault\u00bb global_colors_info=\u00bb{}\u00bb][dnxte_coverflowslider_parent _builder_version=\u00bb4.27.0&#8243; _module_preset=\u00bbdefault\u00bb custom_padding=\u00bb||0px|||\u00bb global_colors_info=\u00bb{}\u00bb][dnxte_coverflowslider_child coverflowslider_image=\u00bbhttps:\/\/serendipityventures.com\/wp-content\/uploads\/2025\/08\/IMG_1737-2-scaled.jpg\u00bb _builder_version=\u00bb4.27.0&#8243; _module_preset=\u00bbdefault\u00bb global_colors_info=\u00bb{}\u00bb][\/dnxte_coverflowslider_child][dnxte_coverflowslider_child coverflowslider_image=\u00bbhttps:\/\/serendipityventures.com\/wp-content\/uploads\/2025\/08\/20220220_174112-scaled.jpg\u00bb _builder_version=\u00bb4.27.0&#8243; _module_preset=\u00bbdefault\u00bb global_colors_info=\u00bb{}\u00bb][\/dnxte_coverflowslider_child][dnxte_coverflowslider_child coverflowslider_image=\u00bbhttps:\/\/serendipityventures.com\/wp-content\/uploads\/2021\/03\/group-crafts.jpg\u00bb _builder_version=\u00bb4.27.0&#8243; _module_preset=\u00bbdefault\u00bb global_colors_info=\u00bb{}\u00bb][\/dnxte_coverflowslider_child][dnxte_coverflowslider_child coverflowslider_image=\u00bbhttps:\/\/serendipityventures.com\/wp-content\/uploads\/2021\/03\/small-meetings.jpg\u00bb _builder_version=\u00bb4.27.0&#8243; _module_preset=\u00bbdefault\u00bb global_colors_info=\u00bb{}\u00bb][\/dnxte_coverflowslider_child][dnxte_coverflowslider_child coverflowslider_image=\u00bbhttps:\/\/serendipityventures.com\/wp-content\/uploads\/2025\/08\/IMG_1738-2-scaled.jpg\u00bb _builder_version=\u00bb4.27.0&#8243; _module_preset=\u00bbdefault\u00bb global_colors_info=\u00bb{}\u00bb][\/dnxte_coverflowslider_child][dnxte_coverflowslider_child coverflowslider_image=\u00bbhttps:\/\/serendipityventures.com\/wp-content\/uploads\/2021\/04\/S2-1.png\u00bb _builder_version=\u00bb4.27.0&#8243; _module_preset=\u00bbdefault\u00bb global_colors_info=\u00bb{}\u00bb][\/dnxte_coverflowslider_child][dnxte_coverflowslider_child coverflowslider_image=\u00bbhttps:\/\/serendipityventures.com\/wp-content\/uploads\/2021\/04\/WhatsApp-Image-2021-04-05-at-9.25.06-PM.jpeg\u00bb _builder_version=\u00bb4.27.0&#8243; _module_preset=\u00bbdefault\u00bb global_colors_info=\u00bb{}\u00bb][\/dnxte_coverflowslider_child][dnxte_coverflowslider_child coverflowslider_image=\u00bbhttps:\/\/serendipityventures.com\/wp-content\/uploads\/2021\/04\/passed-apps-scaled-1.png\u00bb _builder_version=\u00bb4.27.0&#8243; _module_preset=\u00bbdefault\u00bb global_colors_info=\u00bb{}\u00bb][\/dnxte_coverflowslider_child][dnxte_coverflowslider_child coverflowslider_image=\u00bbhttps:\/\/serendipityventures.com\/wp-content\/uploads\/2025\/08\/buffet.jpg\u00bb _builder_version=\u00bb4.27.0&#8243; _module_preset=\u00bbdefault\u00bb global_colors_info=\u00bb{}\u00bb][\/dnxte_coverflowslider_child][dnxte_coverflowslider_child coverflowslider_image=\u00bbhttps:\/\/serendipityventures.com\/wp-content\/uploads\/2021\/03\/festive-event.jpg\u00bb _builder_version=\u00bb4.27.0&#8243; _module_preset=\u00bbdefault\u00bb global_colors_info=\u00bb{}\u00bb][\/dnxte_coverflowslider_child][dnxte_coverflowslider_child coverflowslider_image=\u00bbhttps:\/\/serendipityventures.com\/wp-content\/uploads\/2021\/03\/event-appetizers.jpg\u00bb _builder_version=\u00bb4.27.0&#8243; _module_preset=\u00bbdefault\u00bb global_colors_info=\u00bb{}\u00bb][\/dnxte_coverflowslider_child][\/dnxte_coverflowslider_parent][\/et_pb_column][\/et_pb_row][\/et_pb_section]<\/p>\n","protected":false},"excerpt":{"rendered":"<p>En Serendipity creemos en la magia de reunirse, ya sea para crear, celebrar o simplemente conectar. Desde nuestro Retiro Anual de Escritores, donde la creatividad fluye tan libremente como el caf\u00e9, hasta fiestas de cumplea\u00f1os \u00edntimas, baby showers, c\u00edrculos de bienestar y talleres profesionales, Serendipity es el escenario perfecto para tu pr\u00f3ximo momento significativo. Serendipity [&hellip;]<\/p>\n","protected":false},"author":3,"featured_media":0,"parent":0,"menu_order":0,"comment_status":"closed","ping_status":"closed","template":"","meta":{"_acf_changed":false,"_et_pb_use_builder":"on","_et_pb_old_content":"","_et_gb_content_width":"","footnotes":""},"class_list":["post-2711","page","type-page","status-publish","hentry"],"acf":[],"_links":{"self":[{"href":"https:\/\/serendipityventures.com\/es\/wp-json\/wp\/v2\/pages\/2711","targetHints":{"allow":["GET"]}}],"collection":[{"href":"https:\/\/serendipityventures.com\/es\/wp-json\/wp\/v2\/pages"}],"about":[{"href":"https:\/\/serendipityventures.com\/es\/wp-json\/wp\/v2\/types\/page"}],"author":[{"embeddable":true,"href":"https:\/\/serendipityventures.com\/es\/wp-json\/wp\/v2\/users\/3"}],"replies":[{"embeddable":true,"href":"https:\/\/serendipityventures.com\/es\/wp-json\/wp\/v2\/comments?post=2711"}],"version-history":[{"count":14,"href":"https:\/\/serendipityventures.com\/es\/wp-json\/wp\/v2\/pages\/2711\/revisions"}],"predecessor-version":[{"id":4422,"href":"https:\/\/serendipityventures.com\/es\/wp-json\/wp\/v2\/pages\/2711\/revisions\/4422"}],"wp:attachment":[{"href":"https:\/\/serendipityventures.com\/es\/wp-json\/wp\/v2\/media?parent=2711"}],"curies":[{"name":"wp","href":"https:\/\/api.w.org\/{rel}","templated":true}]}}