{"id":2714,"date":"2024-02-25T14:28:02","date_gmt":"2024-02-25T21:28:02","guid":{"rendered":"https:\/\/serendipityventures.com\/direcciones\/"},"modified":"2025-11-26T18:17:19","modified_gmt":"2025-11-27T01:17:19","slug":"direcciones","status":"publish","type":"page","link":"https:\/\/serendipityventures.com\/es\/direcciones\/","title":{"rendered":"Direcciones"},"content":{"rendered":"<p>[et_pb_section fb_built=\u00bb1&#8243; admin_label=\u00bbHero\u00bb _builder_version=\u00bb4.27.0&#8243; _module_preset=\u00bb74c69059-8e69-4122-b1e6-dfeabf6c5711&#8243; use_background_color_gradient=\u00bbon\u00bb background_color_gradient_stops=\u00bbrgba(0,0,0,0.6) 100%|rgba(0,0,0,0.9) 100%\u00bb background_color_gradient_overlays_image=\u00bbon\u00bb background_color_gradient_start=\u00bbrgba(0,0,0,0.5)\u00bb background_color_gradient_end=\u00bbrgba(0,0,0,0.75)\u00bb background_image=\u00bbhttps:\/\/serendipityventures.com\/wp-content\/uploads\/2024\/07\/entrance-1.jpg\u00bb background_blend=\u00bbdarken\u00bb custom_padding=\u00bb8%||0px||false|false\u00bb locked=\u00bboff\u00bb collapsed=\u00bbon\u00bb global_colors_info=\u00bb{}\u00bb][et_pb_row _builder_version=\u00bb4.18.0&#8243; _module_preset=\u00bb5138c454-be54-4233-bd3b-f8e6a8747976&#8243; locked=\u00bboff\u00bb global_colors_info=\u00bb{}\u00bb][et_pb_column type=\u00bb4_4&#8243; _builder_version=\u00bb4.16&#8243; _module_preset=\u00bb73121f80-a3ef-4484-8763-c3f18e3c56d2&#8243; global_colors_info=\u00bb{}\u00bb][et_pb_heading title=\u00bbDirecciones\u00bb _builder_version=\u00bb4.27.0&#8243; _module_preset=\u00bbddeb8c09-9078-4424-bc15-2efb6572e28e\u00bb title_font=\u00bbPlayfair Display|Playfair Display_weight|||||||\u00bb title_text_color=\u00bb#FFFFFF\u00bb title_font_size=\u00bb72px\u00bb title_line_height=\u00bb1.15em\u00bb title_font_size_tablet=\u00bb40px\u00bb title_font_size_phone=\u00bb24px\u00bb title_font_size_last_edited=\u00bbon|phone\u00bb locked=\u00bboff\u00bb global_colors_info=\u00bb{}\u00bb][\/et_pb_heading][et_pb_text quote_border_color=\u00bb#FFFFFF\u00bb _builder_version=\u00bb4.27.0&#8243; _module_preset=\u00bb0504de1e-f5ff-4281-ba60-cbbe4edf98bc\u00bb text_font=\u00bbSource Sans Pro|Source Sans Pro_weight|||||||\u00bb text_text_color=\u00bb#FFFFFF\u00bb text_line_height=\u00bb1.75em\u00bb link_font=\u00bb||||on||||\u00bb link_text_color=\u00bb#FFFFFF\u00bb quote_font=\u00bbPlayfair Display|Playfair Display_weight|||||||\u00bb quote_text_color=\u00bb#FFFFFF\u00bb header_font=\u00bbPlayfair Display|Playfair Display_weight|||||||\u00bb header_text_color=\u00bb#FFFFFF\u00bb header_font_size=\u00bb72px\u00bb header_line_height=\u00bb1.15em\u00bb header_2_font=\u00bbPlayfair Display|Playfair Display_weight|||||||\u00bb header_2_text_color=\u00bb#FFFFFF\u00bb header_2_font_size=\u00bb50px\u00bb header_2_line_height=\u00bb1.2em\u00bb header_3_font=\u00bbPlayfair Display|Playfair Display_weight|||||||\u00bb header_3_text_color=\u00bb#FFFFFF\u00bb header_3_font_size=\u00bb32px\u00bb header_3_line_height=\u00bb1.3em\u00bb header_4_font=\u00bbPlayfair Display|Playfair Display_weight|||||||\u00bb header_4_text_color=\u00bb#FFFFFF\u00bb header_4_font_size=\u00bb24px\u00bb header_4_line_height=\u00bb1.4em\u00bb header_5_font=\u00bbPlayfair Display|Playfair Display_weight|||||||\u00bb header_5_text_color=\u00bb#FFFFFF\u00bb header_5_font_size=\u00bb18px\u00bb header_5_line_height=\u00bb1.4em\u00bb header_6_font=\u00bbPlayfair Display|Playfair Display_weight|||||||\u00bb header_6_text_color=\u00bb#FFFFFF\u00bb header_6_line_height=\u00bb1.5em\u00bb custom_margin=\u00bb||||false|false\u00bb text_font_size_tablet=\u00bb15px\u00bb text_font_size_phone=\u00bb14px\u00bb text_font_size_last_edited=\u00bbon|phone\u00bb header_font_size_tablet=\u00bb40px\u00bb header_font_size_phone=\u00bb24px\u00bb header_font_size_last_edited=\u00bbon|desktop\u00bb header_2_font_size_tablet=\u00bb28px\u00bb header_2_font_size_phone=\u00bb20px\u00bb header_2_font_size_last_edited=\u00bbon|phone\u00bb header_3_font_size_tablet=\u00bb22px\u00bb header_3_font_size_phone=\u00bb17px\u00bb header_3_font_size_last_edited=\u00bbon|phone\u00bb header_4_font_size_tablet=\u00bb18px\u00bb header_4_font_size_phone=\u00bb15px\u00bb header_4_font_size_last_edited=\u00bbon|tablet\u00bb header_5_font_size_tablet=\u00bb15px\u00bb header_5_font_size_phone=\u00bb14px\u00bb header_5_font_size_last_edited=\u00bbon|desktop\u00bb header_6_font_size_tablet=\u00bb13px\u00bb header_6_font_size_phone=\u00bb13px\u00bb header_6_font_size_last_edited=\u00bbon|desktop\u00bb locked=\u00bboff\u00bb global_colors_info=\u00bb{}\u00bb]<\/p>\n<p>Avent\u00farate fuera de los caminos habituales hacia un para\u00edso escondido. Descubre playas serenas y una exuberante vegetaci\u00f3n, donde la paz y la belleza te esperan en el tranquilo abrazo de la naturaleza. <\/p>\n<p>[\/et_pb_text][\/et_pb_column][\/et_pb_row][\/et_pb_section][et_pb_section fb_built=\u00bb1&#8243; _builder_version=\u00bb4.23.4&#8243; _module_preset=\u00bbdefault\u00bb background_color=\u00bbRGBA(255,255,255,0)\u00bb global_colors_info=\u00bb{}\u00bb][et_pb_row _builder_version=\u00bb4.23.4&#8243; _module_preset=\u00bbdefault\u00bb global_colors_info=\u00bb{}\u00bb][et_pb_column type=\u00bb4_4&#8243; _builder_version=\u00bb4.23.4&#8243; _module_preset=\u00bbdefault\u00bb custom_css_main_element=\u00bbdisplay: flex; ||flex-direction: column;||align-items: center;\u00bb global_colors_info=\u00bb{}\u00bb][et_pb_heading title=\u00bbInstrucciones de llegada desde Todos Santos\u00bb _builder_version=\u00bb4.23.4&#8243; _module_preset=\u00bbdefault\u00bb global_colors_info=\u00bb{}\u00bb][\/et_pb_heading][et_pb_text _builder_version=\u00bb4.23.4&#8243; _module_preset=\u00bbdefault\u00bb global_colors_info=\u00bb{}\u00bb]<\/p>\n<p><span data-contrast=\"auto\">El camino desde la ciudad hasta Serendipity es f\u00e1cil y se encuentra a unos 5-10 minutos en coche por una carretera asfaltada. Nota: Google Maps puede llevarte demasiado lejos y hacer que te pierdas. Es mejor seguir estas indicaciones:  <\/span><span data-ccp-props=\"{\"335551550\":1,\"335551620\":1}\"> <\/span><\/p>\n<p><span data-ccp-props=\"{\"335551550\":1,\"335551620\":1}\"> <\/span>Entrando a Todos Santos: Si entra desde Cabo, siga por la calle principal hasta el final y gire a la derecha en la calle Ju\u00e1rez.<span data-contrast=\"auto\" style=\"font-size: 16px;\">. Contin\u00fae por la colina pasando el Hotel California (a la izquierda) en la<\/span><span data-contrast=\"auto\" style=\"font-size: 16px;\">(a la izquierda)<\/span><span data-contrast=\"auto\" style=\"font-size: 16px;\"> hasta la segunda se\u00f1al de Alto en la cima de la colina. Si entras <\/span><b style=\"font-size: 16px;\"><span data-contrast=\"auto\">desde<\/span><\/b><span data-contrast=\"auto\" style=\"font-size: 16px;\"> <\/span>La Paz, entrar\u00e1s por la calle Ju\u00e1rez y seguir\u00e1s hasta la segunda.<span data-contrast=\"auto\" style=\"font-size: 16px;\"> se\u00f1al de alto. Esta es una parada de tres v\u00edas: la calle es <\/span>Calle Topete. <span data-ccp-props=\"{\"335551550\":1,\"335551620\":1}\" style=\"font-size: 16px;\"> <\/span><\/p>\n<p><span data-ccp-props=\"{\"335551550\":1,\"335551620\":1}\"> <\/span>A Serendipity: Gire a la izquierda en la calle Topete.<span data-contrast=\"auto\" style=\"font-size: 16px;\"> y contin\u00fae por la carretera pavimentada hasta llegar a una se\u00f1al de stop. En esta se\u00f1al de stop, girar\u00e1 a la izquierda en  <\/span>Horizonte y continuar por la pavimento<span data-contrast=\"auto\" style=\"font-size: 16px;\"> durante aproximadamente 1.5 km. Habr\u00e1 algunos letreros verdes de \u00abSerendipity\u00bb en los postes del lado derecho a lo largo del camino. Pasar\u00e1 por los siguientes puntos de referencia: <\/span><b style=\"font-size: 16px;\"><span data-contrast=\"auto\"> <\/span><\/b><span data-ccp-props=\"{\"335551550\":1,\"335551620\":1}\" style=\"font-size: 16px;\"> <\/span><\/p>\n<ul>\n<li style=\"text-align: left;\"><span data-ccp-props=\"{\"335551550\":1,\"335551620\":1}\"> <\/span><span data-contrast=\"auto\" style=\"font-size: 16px; text-align: center;\">Un edificio de apartamentos a la izquierda; una escuela y luego Mercado Pinos a la derecha.<\/span><span data-ccp-props=\"{\"335551550\":1,\"335551620\":1}\" style=\"font-size: 16px; text-align: center;\"> <\/span><\/li>\n<li><span data-contrast=\"auto\" style=\"font-size: 16px; text-align: center;\">La carretera pavimentada girar\u00e1 a la derecha&#8230; siga por ella. <\/span><span data-ccp-props=\"{\"335551550\":1,\"335551620\":1}\" style=\"font-size: 16px; text-align: center;\"> <\/span><\/li>\n<li><span data-contrast=\"auto\" style=\"font-size: 16px; text-align: center;\">Una tortiller\u00eda y una ferreter\u00eda a la izquierda.<\/span><span data-ccp-props=\"{\"335551550\":1,\"335551620\":1}\" style=\"font-size: 16px; text-align: center;\"> <\/span><\/li>\n<li><span data-contrast=\"auto\" style=\"font-size: 16px;\">Mercado El Sol a la izquierda y Quaker State a la derecha<\/span><span data-ccp-props=\"{\"335551550\":1,\"335551620\":1}\" style=\"font-size: 16px;\"> <\/span><\/li>\n<li style=\"text-align: left;\"><span data-contrast=\"auto\" style=\"font-size: 16px;\">El restaurante Poke Loko en la esquina, \u00ab5 Tacos &amp; a Beer\u00bb, un bar Brewmeister y una farmacia a la izquierda. Habr\u00e1 dos reductores de velocidad en esta \u00e1rea.<\/span><span data-ccp-props=\"{\"335551550\":1,\"335551620\":1}\" style=\"font-size: 16px;\"> <\/span><span data-ccp-props=\"{\"335551550\":1,\"335551620\":1,\"335559685\":720}\"> <\/span><\/li>\n<\/ul>\n<p>En la cima de la siguiente colina, ver\u00e1s una gran casa a la derecha rodeada por un alto muro de piedra y tambi\u00e9n ver\u00e1s la primera farola. Justo despu\u00e9s de esta casa, hay un poste telef\u00f3nico a la derecha con un peque\u00f1o cartel de Serendipity y otro m\u00e1s grande de \u00abLuna Azul\u00bb.<span data-contrast=\"auto\">encima Justo enfrente del poste telef\u00f3nico hay <\/span><b><i><span data-contrast=\"auto\">muy<\/span><\/i><\/b><b><span data-contrast=\"auto\"> <\/span><\/b>peque\u00f1a carretera a la izquierda con una se\u00f1al azul y blanca que dice \u00abCamino del Cielo\u00bb; est\u00e1 oculta por un muro de cemento, as\u00ed que f\u00edjese bien. Gire a la izquierda aqu\u00ed. <span data-contrast=\"auto\">Ahora est\u00e1s fuera de la cemento. En la esquina m\u00e1s alejada hay un poste con tres se\u00f1ales de tr\u00e1fico de madera que dicen: <\/span><span data-contrast=\"auto\">Calle Las Liebres<\/span><span data-contrast=\"auto\"> y Serendipity y Adornos. Gire a la derecha aqu\u00ed. Siga aproximadamente una manzana hasta llegar a una gran puerta met\u00e1lica y un peque\u00f1o letrero en la entrada que dice \u00abSerendipity\u00bb&#8230; \u00a1ese somos nosotros! Ver\u00e1 un edificio de dos plantas con techo de palapa en lo alto de la colina. Hemos instalado una puerta el\u00e9ctrica, por lo que tendr\u00e1 que pulsar el bot\u00f3n verde \u00abAbrir\u00bb situado en el pilar izquierdo de la puerta para entrar. Las puertas se cerrar\u00e1n autom\u00e1ticamente despu\u00e9s de que pase, as\u00ed que simplemente atraviese la puerta y suba la peque\u00f1a colina hasta nuestra zona de aparcamiento delantera. Es posible que nuestros dos perros salgan corriendo y ladrando (son nuestro timbre), pero son inofensivos. Si no ve a nadie cuando llegue a la entrada principal, simplemente toque el timbre que hay a la derecha de la puerta principal o llame a nuestro n\u00famero principal.<\/span><span data-ccp-props=\"{\"335551550\":1,\"335551620\":1}\"> <\/span><\/p>\n<p><span data-ccp-props=\"{\"335551550\":1,\"335551620\":1}\"> <\/span><span data-contrast=\"auto\" style=\"font-size: 16px;\">Serendipity se encuentra en la area llamada \u00abLas Tunas\u00bb&#8230; La carretera que debe tomar es la de La Pastora&#8230; Nuestro n\u00famero es +52 612-178-0104 o 612-108-3502 (m\u00f3vil). Es posible que tenga que marcar primero 011-52 si llama desde un n\u00famero de Estados Unidos o Canad\u00e1.   <\/span><span data-ccp-props=\"{}\" style=\"font-size: 16px;\"> <\/span><\/p>\n<p><b><span data-contrast=\"auto\">Nota: <\/span><\/b><span data-contrast=\"auto\">Si llegas despu\u00e9s del atardecer, puede que te resulte m\u00e1s dif\u00edcil ver gran parte de esto. Puede que sea mejor que me llames desde la ciudad y te ayude a guiarte. Tambi\u00e9n ayuda si me hace saber su hora aproximada de llegada para que pueda estar pendiente de usted. <\/span><\/p>\n<p>&nbsp;<\/p>\n<p>[\/et_pb_text][dnxte_blurb blurb_heading=\u00bbBuen Viaje! We look forward to welcoming you here.\u00bb heading_tag=\u00bbh3&#8243; blurb_description=\u00bb<\/p>\n<p style=%22text-align: center;%22>Serendipity Staff<\/p>\n<p>\u00bb image_placement=\u00bbleft-center\u00bb dnxt_image_max_width=\u00bb10%\u00bb dnxt_img_margin=\u00bb|25px||0px|false|false\u00bb dnxt_header_margin=\u00bb|0px|||false|false\u00bb dnxt_header_padding=\u00bb|0px|||false|false\u00bb dnxt_body_margin=\u00bb|0px|||false|false\u00bb dnxt_body_padding=\u00bb|0px|||false|false\u00bb dnxt_content_margin=\u00bb|0px|||false|false\u00bb dnxt_content_padding=\u00bb|0px|||false|false\u00bb dnxt_blurb_use_mask=\u00bbon\u00bb _builder_version=\u00bb4.27.0&#8243; _module_preset=\u00bbdefault\u00bb custom_margin=\u00bb|-209px||-76px|false|false\u00bb custom_margin_tablet=\u00bb|0px|||false|false\u00bb custom_margin_phone=\u00bb|0px|||false|false\u00bb custom_margin_last_edited=\u00bbon|desktop\u00bb custom_padding=\u00bb|0px||0px|false|false\u00bb border_radii_dnxt_img_borders=\u00bbon|50%|50%|50%|50%\u00bb border_color_all_dnxt_img_borders=\u00bbgcid-e2378063-d6cd-4509-b18c-382132f81531&#8243; global_colors_info=\u00bb{%22gcid-e2378063-d6cd-4509-b18c-382132f81531%22:%91%22border_color_all_dnxt_img_borders%22%93}\u00bb][\/dnxte_blurb][\/et_pb_column][\/et_pb_row][\/et_pb_section][et_pb_section fb_built=\u00bb1&#8243; _builder_version=\u00bb4.27.0&#8243; _module_preset=\u00bbdefault\u00bb background_color=\u00bbgcid-e2378063-d6cd-4509-b18c-382132f81531&#8243; global_colors_info=\u00bb{%22gcid-e2378063-d6cd-4509-b18c-382132f81531%22:%91%22background_color%22%93}\u00bb][et_pb_row _builder_version=\u00bb4.27.0&#8243; _module_preset=\u00bbdefault\u00bb global_colors_info=\u00bb{}\u00bb][et_pb_column type=\u00bb4_4&#8243; _builder_version=\u00bb4.27.0&#8243; _module_preset=\u00bbdefault\u00bb global_colors_info=\u00bb{}\u00bb][et_pb_map address=\u00bbFP8W+7X, Todos Santos, BCS, Mexico\u00bb zoom_level=\u00bb15&#8243; address_lat=\u00bb23.465667816904&#8243; address_lng=\u00bb-110.25276098347&#8243; _builder_version=\u00bb4.27.0&#8243; _module_preset=\u00bbdefault\u00bb global_colors_info=\u00bb{}\u00bb][\/et_pb_map][\/et_pb_column][\/et_pb_row][\/et_pb_section]<\/p>\n","protected":false},"excerpt":{"rendered":"<p>Avent\u00farate fuera de los caminos habituales hacia un para\u00edso escondido. Descubre playas serenas y una exuberante vegetaci\u00f3n, donde la paz y la belleza te esperan en el tranquilo abrazo de la naturaleza. El camino desde la ciudad hasta Serendipity es f\u00e1cil y se encuentra a unos 5-10 minutos en coche por una carretera asfaltada. Nota: [&hellip;]<\/p>\n","protected":false},"author":3,"featured_media":0,"parent":0,"menu_order":0,"comment_status":"closed","ping_status":"closed","template":"","meta":{"_acf_changed":false,"_et_pb_use_builder":"on","_et_pb_old_content":"","_et_gb_content_width":"","footnotes":""},"class_list":["post-2714","page","type-page","status-publish","hentry"],"acf":[],"_links":{"self":[{"href":"https:\/\/serendipityventures.com\/es\/wp-json\/wp\/v2\/pages\/2714","targetHints":{"allow":["GET"]}}],"collection":[{"href":"https:\/\/serendipityventures.com\/es\/wp-json\/wp\/v2\/pages"}],"about":[{"href":"https:\/\/serendipityventures.com\/es\/wp-json\/wp\/v2\/types\/page"}],"author":[{"embeddable":true,"href":"https:\/\/serendipityventures.com\/es\/wp-json\/wp\/v2\/users\/3"}],"replies":[{"embeddable":true,"href":"https:\/\/serendipityventures.com\/es\/wp-json\/wp\/v2\/comments?post=2714"}],"version-history":[{"count":35,"href":"https:\/\/serendipityventures.com\/es\/wp-json\/wp\/v2\/pages\/2714\/revisions"}],"predecessor-version":[{"id":4866,"href":"https:\/\/serendipityventures.com\/es\/wp-json\/wp\/v2\/pages\/2714\/revisions\/4866"}],"wp:attachment":[{"href":"https:\/\/serendipityventures.com\/es\/wp-json\/wp\/v2\/media?parent=2714"}],"curies":[{"name":"wp","href":"https:\/\/api.w.org\/{rel}","templated":true}]}}