{"id":4259,"date":"2025-06-16T16:16:06","date_gmt":"2025-06-16T22:16:06","guid":{"rendered":"https:\/\/serendipityventures.com\/alquiler-de-coches\/"},"modified":"2025-08-25T21:06:17","modified_gmt":"2025-08-26T03:06:17","slug":"alquiler-de-coches","status":"publish","type":"page","link":"https:\/\/serendipityventures.com\/es\/alquiler-de-coches\/","title":{"rendered":"Alquiler de coches"},"content":{"rendered":"<p>[et_pb_section fb_built=\u00bb1&#8243; _builder_version=\u00bb4.27.0&#8243; _module_preset=\u00bbdefault\u00bb global_colors_info=\u00bb{}\u00bb][et_pb_row _builder_version=\u00bb4.27.0&#8243; _module_preset=\u00bbdefault\u00bb global_colors_info=\u00bb{}\u00bb][et_pb_column type=\u00bb4_4&#8243; _builder_version=\u00bb4.27.0&#8243; _module_preset=\u00bbdefault\u00bb global_colors_info=\u00bb{}\u00bb][et_pb_text _builder_version=\u00bb4.27.0&#8243; _module_preset=\u00bbdefault\u00bb custom_padding=\u00bb||33px|||\u00bb global_colors_info=\u00bb{}\u00bb]<\/p>\n<h2><b>Gu\u00eda Serendipity para Alquilar un Coche en Todos Santos, Baja California Sur <\/b><\/h2>\n<p><b>\u00bfPlaneas tu estancia en Serendipity en Todos Santos, Baja California Sur?<\/b> Imagina conducir por pintorescas carreteras des\u00e9rticas con el Oc\u00e9ano Pac\u00edfico brillando a tu lado. Alquilar un coche no es s\u00f3lo una comodidad: es la clave para vivir plenamente la magia de Baja California. Y aunque no alquilamos coches directamente, te pondremos en contacto con proveedores de confianza para que te pongas en camino r\u00e1pida y f\u00e1cilmente.  <\/p>\n<p>[\/et_pb_text][\/et_pb_column][\/et_pb_row][et_pb_row column_structure=\u00bb1_2,1_2&#8243; _builder_version=\u00bb4.27.0&#8243; _module_preset=\u00bbdefault\u00bb global_colors_info=\u00bb{}\u00bb][et_pb_column type=\u00bb1_2&#8243; _builder_version=\u00bb4.27.0&#8243; _module_preset=\u00bbdefault\u00bb global_colors_info=\u00bb{}\u00bb][et_pb_image src=\u00bbhttps:\/\/serendipityventures.com\/wp-content\/uploads\/2025\/06\/travelpricewatch-yk8O7fM5Vp4-000unsplash-scaled.jpg\u00bb title_text=\u00bbtravelpricewatch-yk8O7fM5Vp4-000unsplash\u00bb _builder_version=\u00bb4.27.0&#8243; _module_preset=\u00bbdefault\u00bb global_colors_info=\u00bb{}\u00bb][\/et_pb_image][\/et_pb_column][et_pb_column type=\u00bb1_2&#8243; _builder_version=\u00bb4.27.0&#8243; _module_preset=\u00bbdefault\u00bb global_colors_info=\u00bb{}\u00bb][et_pb_text _builder_version=\u00bb4.27.0&#8243; _module_preset=\u00bbdefault\u00bb global_colors_info=\u00bb{}\u00bb]<\/p>\n<h3>\u00bfPor qu\u00e9 alquilar un coche en Todos Santos?<\/h3>\n<p>Alojarte en<b>el Hotel Serendipity<\/b> te da acceso a un entorno impresionante, pero tener un coche lleva tu experiencia al siguiente nivel. Como Todos Santos se extiende sobre una gran superficie, un coche de alquiler te ofrece: <\/p>\n<ul>\n<li aria-level=\"1\"><b>Libertad para explorar<\/b> las distintas playas y atracciones.<\/li>\n<li aria-level=\"1\"><b>Flexibilidad<\/b> para seguir tu propio horario<\/li>\n<li aria-level=\"1\"><strong>Acceso<\/strong> a lugares fuera de lo com\u00fan m\u00e1s all\u00e1 de la distancia a pie<\/li>\n<\/ul>\n<p>Tanto si planeas d\u00edas de playa, paseos art\u00edsticos o excursiones de un d\u00eda al desierto, conducir en Baja California forma parte de la aventura.<\/p>\n<p>[\/et_pb_text][\/et_pb_column][\/et_pb_row][et_pb_row column_structure=\u00bb1_2,1_2&#8243; _builder_version=\u00bb4.27.0&#8243; _module_preset=\u00bbdefault\u00bb min_height=\u00bb520.3px\u00bb custom_padding=\u00bb||0px|||\u00bb global_colors_info=\u00bb{}\u00bb][et_pb_column type=\u00bb1_2&#8243; _builder_version=\u00bb4.27.0&#8243; _module_preset=\u00bbdefault\u00bb global_colors_info=\u00bb{}\u00bb][et_pb_text _builder_version=\u00bb4.27.0&#8243; _module_preset=\u00bbdefault\u00bb global_colors_info=\u00bb{}\u00bb]<\/p>\n<h3><\/h3>\n<h3>Opciones locales de alquiler de coches<\/h3>\n<p><span style=\"font-size: 16px; background-color: #ffffff;\">Nos hemos asociado con National Enterprise para que alquilar un coche sea m\u00e1s f\u00e1cil y c\u00f3modo durante tu estancia y para asegurarnos de que lo consigues:<\/span><\/p>\n<ul>\n<li aria-level=\"1\"><b>Veh\u00edculos bien mantenidos<\/b> a precios competitivos<\/li>\n<li aria-level=\"1\"><b>Asistencia con extras<\/b> como sillas de coche, seguro o un conductor adicional<\/li>\n<li aria-level=\"1\">La mejor <b>opci\u00f3n<\/b> para tu viaje: coches compactos, todoterrenos robustos o veh\u00edculos de lujo<\/li>\n<\/ul>\n<p><b>Las opciones de alquiler incluyen:<\/b><\/p>\n<ul>\n<li aria-level=\"1\"><b>Coches compactos<\/b> &#8211; Ideales para viajeros en solitario o parejas que se alojan en la zona<\/li>\n<li aria-level=\"1\"><b>Todoterrenos y Camiones<\/b> &#8211; Ideales para familias o aventuras en el desierto<\/li>\n<li aria-level=\"1\"><b>Veh\u00edculos de Lujo<\/b> &#8211; A\u00f1ade estilo a tu escapada a Baja<\/li>\n<\/ul>\n<p><strong>Lugares de Alquiler &#8211;<\/strong><\/p>\n<ul>\n<li aria-level=\"1\">Recoger\u00e1s la mayor\u00eda de los coches en los aeropuertos de Los Cabos o La Paz <\/li>\n<li aria-level=\"1\">National Enterprise ofrece la entrega en nuestra sede por un coste adicional<\/li>\n<\/ul>\n<p>Visita el enlace para saber m\u00e1s sobre tus opciones y comparar precios. Si alquilas en National Enterprise, av\u00edsanos para que podamos verificar tu reserva.  <\/p>\n<p>https:\/\/nationalcar.com.mx\/afiliaciones-comerciales\/convenio\/130042<\/p>\n<p>&nbsp;<\/p>\n<p>&nbsp;<\/p>\n<p>[\/et_pb_text][\/et_pb_column][et_pb_column type=\u00bb1_2&#8243; _builder_version=\u00bb4.27.0&#8243; _module_preset=\u00bbdefault\u00bb global_colors_info=\u00bb{}\u00bb][et_pb_image src=\u00bbhttps:\/\/serendipityventures.com\/wp-content\/uploads\/2025\/08\/NCR_Logo-digital-1-pdf.jpg\u00bb title_text=\u00bbNCR_Logo digital\u00bb align=\u00bbcenter\u00bb _builder_version=\u00bb4.27.0&#8243; _module_preset=\u00bbdefault\u00bb width=\u00bb53%\u00bb global_colors_info=\u00bb{}\u00bb][\/et_pb_image][\/et_pb_column][\/et_pb_row][et_pb_row _builder_version=\u00bb4.27.0&#8243; _module_preset=\u00bbdefault\u00bb min_height=\u00bb468.8px\u00bb global_colors_info=\u00bb{}\u00bb][et_pb_column type=\u00bb4_4&#8243; _builder_version=\u00bb4.27.0&#8243; _module_preset=\u00bbdefault\u00bb global_colors_info=\u00bb{}\u00bb][et_pb_text _builder_version=\u00bb4.27.0&#8243; _module_preset=\u00bbdefault\u00bb global_colors_info=\u00bb{}\u00bb]<\/p>\n<h3>Lugares de Visita Obligada Cerca de Todos Santos (En Coche)<\/h3>\n<p>Una vez que tengas tus ruedas, \u00a1es hora de explorar! Aqu\u00ed tienes los mejores lugares a los que puedes llegar f\u00e1cilmente desde Serendipity: <\/p>\n<p>&nbsp;<\/p>\n<ol>\n<li><b>Todos Santos Centro del Pueblo<\/b> (a 10 minutos de Serendipity)<br \/>Calles empedradas, galer\u00edas de arte, tiendas de artesan\u00eda y acogedores caf\u00e9s hacen que sea una visita obligada.<\/li>\n<li> <b> Punta Lobos<\/b> (20 minutos al sur de la ciudad)<br \/>Una caminata desafiante que te lleva a unas vistas impresionantes de la playa de los pescadores y la colonia de leones marinos.<\/li>\n<li style=\"font-size: 16px;\"><b style=\"font-size: 16px;\">Playa de Cerritos <\/b>(a 25 minutos al sur de la ciudad)<br \/>Una popular playa tur\u00edstica para practicar surf y nadar. <\/li>\n<li> <b> Santuario de Cactus<\/b> (25 minutos al norte de la ciudad)<br \/>Una experiencia \u00fanica en el desierto, donde podr\u00e1s pasear entre alt\u00edsimos cactus aut\u00f3ctonos de la regi\u00f3n.<\/li>\n<li style=\"font-size: 16px;\"><b style=\"font-size: 16px;\">El Triunfo<\/b> (30 minutos al norte de la ciudad)<br \/>Peque\u00f1a ciudad hist\u00f3rica conocida por su mina de plata, su museo del vaquero y de la m\u00fasica y su panader\u00eda.<\/li>\n<\/ol>\n<p>[\/et_pb_text][\/et_pb_column][\/et_pb_row][et_pb_row column_structure=\u00bb1_3,1_3,1_3&#8243; _builder_version=\u00bb4.27.0&#8243; _module_preset=\u00bbdefault\u00bb custom_padding=\u00bb||29px|||\u00bb global_colors_info=\u00bb{}\u00bb][et_pb_column type=\u00bb1_3&#8243; _builder_version=\u00bb4.27.0&#8243; _module_preset=\u00bbdefault\u00bb global_colors_info=\u00bb{}\u00bb][et_pb_image src=\u00bbhttps:\/\/serendipityventures.com\/wp-content\/uploads\/2025\/06\/alpay-aktas-noMzPzQEZL666w-unsplash-scaled.jpg\u00bb title_text=\u00bbalpay-aktas-noMzPzQEZL666w-unsplash\u00bb _builder_version=\u00bb4.27.0&#8243; _module_preset=\u00bbdefault\u00bb global_colors_info=\u00bb{}\u00bb][\/et_pb_image][\/et_pb_column][et_pb_column type=\u00bb1_3&#8243; _builder_version=\u00bb4.27.0&#8243; _module_preset=\u00bbdefault\u00bb global_colors_info=\u00bb{}\u00bb][et_pb_image src=\u00bbhttps:\/\/serendipityventures.com\/wp-content\/uploads\/2025\/06\/josh-withers-AeVSews8WKk-unsplas77h-scaled.jpg\u00bb title_text=\u00bbjosh-withers-AeVSews8WKk-unsplas77h\u00bb _builder_version=\u00bb4.27.0&#8243; _module_preset=\u00bbdefault\u00bb global_colors_info=\u00bb{}\u00bb][\/et_pb_image][\/et_pb_column][et_pb_column type=\u00bb1_3&#8243; _builder_version=\u00bb4.27.0&#8243; _module_preset=\u00bbdefault\u00bb global_colors_info=\u00bb{}\u00bb][et_pb_image src=\u00bbhttps:\/\/serendipityventures.com\/wp-content\/uploads\/2025\/06\/josh-withers-ZtF0vFlhN00cE-unsplash-scaled.jpg\u00bb title_text=\u00bbjosh-withers-ZtF0vFlhN00cE-unsplash\u00bb _builder_version=\u00bb4.27.0&#8243; _module_preset=\u00bbdefault\u00bb global_colors_info=\u00bb{}\u00bb][\/et_pb_image][\/et_pb_column][\/et_pb_row][et_pb_row column_structure=\u00bb1_2,1_2&#8243; _builder_version=\u00bb4.27.0&#8243; _module_preset=\u00bbdefault\u00bb global_colors_info=\u00bb{}\u00bb][et_pb_column type=\u00bb1_2&#8243; _builder_version=\u00bb4.27.0&#8243; _module_preset=\u00bbdefault\u00bb global_colors_info=\u00bb{}\u00bb][et_pb_image src=\u00bbhttps:\/\/serendipityventures.com\/wp-content\/uploads\/2025\/06\/jamie-street-JtP_Dqtz6D8-un99splash-scaled.jpg\u00bb title_text=\u00bbjamie-street-JtP_Dqtz6D8-un99splash\u00bb _builder_version=\u00bb4.27.0&#8243; _module_preset=\u00bbdefault\u00bb global_colors_info=\u00bb{}\u00bb][\/et_pb_image][\/et_pb_column][et_pb_column type=\u00bb1_2&#8243; _builder_version=\u00bb4.27.0&#8243; _module_preset=\u00bbdefault\u00bb global_colors_info=\u00bb{}\u00bb][et_pb_text _builder_version=\u00bb4.27.0&#8243; _module_preset=\u00bbdefault\u00bb hover_enabled=\u00bb0&#8243; global_colors_info=\u00bb{}\u00bb sticky_enabled=\u00bb0&#8243;]<\/p>\n<h3> Consejos para Alquilar un Coche en Baja California<\/h3>\n<p>Facilita el proceso con estos consejos r\u00e1pidos<\/p>\n<ol>\n<li aria-level=\"1\"><b>Reserva con antelaci\u00f3n<\/b> &#8211; Sobre todo en temporada alta, asegura tu coche con antelaci\u00f3n.<\/li>\n<li aria-level=\"1\"><b>Comprobaci\u00f3n del Seguro<\/b> &#8211; <span style=\"font-size: 16px; background-color: #ffffff;\">Nuestra asociaci\u00f3n con National Enterprise incluye un seguro a todo riesgo. Si alquilas a otras empresas, aseg\u00farate de  <\/span>verificar. La mayor\u00eda de las empresas te pedir\u00e1n un dep\u00f3sito de garant\u00eda que<span style=\"text-decoration: underline;\"> s\u00f3lo se paga con tarjeta de cr\u00e9dito<\/span> y que te devolver\u00e1n si no surgen problemas.  <\/li>\n<li aria-level=\"1\"><b>Pol\u00edtica de Combustible<\/b> &#8211; Llena el dep\u00f3sito antes de devolver el coche para evitar recargos.<\/li>\n<\/ol>\n<p><b>Preg\u00fantanos lo que quieras<\/b> &#8211; Desde consejos locales para conducir hasta sugerencias de rutas, \u00a1estaremos encantados de ayudarte! Habla con nosotros en <strong><a href=\"mailto:reservations@serendipityventures.com\">reservations@serendipityventures.com. <\/a><\/strong>  <\/p>\n<p>[\/et_pb_text][\/et_pb_column][\/et_pb_row][et_pb_row column_structure=\u00bb1_2,1_2&#8243; _builder_version=\u00bb4.27.0&#8243; _module_preset=\u00bbdefault\u00bb global_colors_info=\u00bb{}\u00bb][et_pb_column type=\u00bb1_2&#8243; _builder_version=\u00bb4.27.0&#8243; _module_preset=\u00bbdefault\u00bb global_colors_info=\u00bb{}\u00bb][et_pb_text _builder_version=\u00bb4.27.0&#8243; _module_preset=\u00bbdefault\u00bb global_colors_info=\u00bb{}\u00bb]<\/p>\n<h3>Preguntas Frecuentes sobre el Alquiler de Coches en Todos Santos<\/h3>\n<p><b>\u00bfNecesito un permiso especial para conducir en Baja California?<\/b><b><br \/><\/b> No. S\u00f3lo necesitas un permiso de conducir y un pasaporte v\u00e1lidos. <\/p>\n<p><b>\u00bfSon seguras las carreteras?<\/b><b><br \/><\/b> Las carreteras principales y las autopistas est\u00e1n en buen estado, pero las rutas rurales pueden ser accidentadas. <\/p>\n<p><b style=\"font-size: 16px; background-color: #ffffff;\">\u00bfNecesito tracci\u00f3n a las 4 ruedas?<\/b><b style=\"font-size: 16px; background-color: #ffffff;\"><br \/><\/b><span style=\"font-size: 16px; background-color: #ffffff;\">A menos que planees hacer<\/span><span style=\"background-color: #ffffff; font-size: 16px;\"> conducci\u00f3n todoterreno, no es necesario alquilar un coche con tracci\u00f3n a las cuatro ruedas. <\/span> <\/p>\n<p><span style=\"background-color: #ffffff; font-size: 16px;\"><\/span><\/p>\n<p>[\/et_pb_text][\/et_pb_column][et_pb_column type=\u00bb1_2&#8243; _builder_version=\u00bb4.27.0&#8243; _module_preset=\u00bbdefault\u00bb global_colors_info=\u00bb{}\u00bb][et_pb_image src=\u00bbhttps:\/\/serendipityventures.com\/wp-content\/uploads\/2025\/06\/why-kei-8e2gal_22GIE8-unsplash-1-scaled.jpg\u00bb title_text=\u00bbwhy-kei-8e2gal_22GIE8-unsplash\u00bb _builder_version=\u00bb4.27.0&#8243; _module_preset=\u00bbdefault\u00bb global_colors_info=\u00bb{}\u00bb][\/et_pb_image][\/et_pb_column][\/et_pb_row][et_pb_row _builder_version=\u00bb4.27.0&#8243; _module_preset=\u00bbdefault\u00bb global_colors_info=\u00bb{}\u00bb][et_pb_column type=\u00bb4_4&#8243; _builder_version=\u00bb4.27.0&#8243; _module_preset=\u00bbdefault\u00bb global_colors_info=\u00bb{}\u00bb][et_pb_heading title=\u00bbReflexiones finales: \u00bfListo para salir a la carretera?\u00bb _builder_version=\u00bb4.27.0&#8243; _module_preset=\u00bbdefault\u00bb global_colors_info=\u00bb{}\u00bb][\/et_pb_heading][\/et_pb_column][\/et_pb_row][et_pb_row column_structure=\u00bb1_3,1_3,1_3&#8243; _builder_version=\u00bb4.27.0&#8243; _module_preset=\u00bbdefault\u00bb global_colors_info=\u00bb{}\u00bb][et_pb_column type=\u00bb1_3&#8243; _builder_version=\u00bb4.27.0&#8243; _module_preset=\u00bbdefault\u00bb global_colors_info=\u00bb{}\u00bb][et_pb_image src=\u00bbhttps:\/\/serendipityventures.com\/wp-content\/uploads\/2025\/06\/obi-aZKJEvydrNM-unsplash-scaled.jpg\u00bb title_text=\u00bbobi-aZKJEvydrNM-unsplash\u00bb _builder_version=\u00bb4.27.0&#8243; _module_preset=\u00bbdefault\u00bb global_colors_info=\u00bb{}\u00bb][\/et_pb_image][\/et_pb_column][et_pb_column type=\u00bb1_3&#8243; _builder_version=\u00bb4.27.0&#8243; _module_preset=\u00bbdefault\u00bb global_colors_info=\u00bb{}\u00bb][et_pb_text _builder_version=\u00bb4.27.0&#8243; _module_preset=\u00bbdefault\u00bb global_colors_info=\u00bb{}\u00bb]<\/p>\n<p>Alquilar un coche te abre un mundo de posibilidades en Todos Santos. Tanto si persigues olas, puestas de sol o tranquilos senderos des\u00e9rticos, el viaje lo puedes crear t\u00fa. En Serendipity queremos ponerte en contacto con la mejor experiencia de alquiler, para que puedas centrarte en crear recuerdos.  <\/p>\n<p><b>Consulta nuestra asociaci\u00f3n con National Enterprise para encontrar el mejor coche para tu viaje. <\/b><\/p>\n<p>[\/et_pb_text][\/et_pb_column][et_pb_column type=\u00bb1_3&#8243; _builder_version=\u00bb4.27.0&#8243; _module_preset=\u00bbdefault\u00bb global_colors_info=\u00bb{}\u00bb][\/et_pb_column][\/et_pb_row][\/et_pb_section]<\/p>\n","protected":false},"excerpt":{"rendered":"<p>Gu\u00eda Serendipity para Alquilar un Coche en Todos Santos, Baja California Sur \u00bfPlaneas tu estancia en Serendipity en Todos Santos, Baja California Sur? Imagina conducir por pintorescas carreteras des\u00e9rticas con el Oc\u00e9ano Pac\u00edfico brillando a tu lado. Alquilar un coche no es s\u00f3lo una comodidad: es la clave para vivir plenamente la magia de Baja [&hellip;]<\/p>\n","protected":false},"author":7,"featured_media":0,"parent":0,"menu_order":0,"comment_status":"closed","ping_status":"closed","template":"","meta":{"_acf_changed":false,"_et_pb_use_builder":"on","_et_pb_old_content":"","_et_gb_content_width":"","footnotes":""},"class_list":["post-4259","page","type-page","status-publish","hentry"],"acf":[],"_links":{"self":[{"href":"https:\/\/serendipityventures.com\/es\/wp-json\/wp\/v2\/pages\/4259","targetHints":{"allow":["GET"]}}],"collection":[{"href":"https:\/\/serendipityventures.com\/es\/wp-json\/wp\/v2\/pages"}],"about":[{"href":"https:\/\/serendipityventures.com\/es\/wp-json\/wp\/v2\/types\/page"}],"author":[{"embeddable":true,"href":"https:\/\/serendipityventures.com\/es\/wp-json\/wp\/v2\/users\/7"}],"replies":[{"embeddable":true,"href":"https:\/\/serendipityventures.com\/es\/wp-json\/wp\/v2\/comments?post=4259"}],"version-history":[{"count":2,"href":"https:\/\/serendipityventures.com\/es\/wp-json\/wp\/v2\/pages\/4259\/revisions"}],"predecessor-version":[{"id":4261,"href":"https:\/\/serendipityventures.com\/es\/wp-json\/wp\/v2\/pages\/4259\/revisions\/4261"}],"wp:attachment":[{"href":"https:\/\/serendipityventures.com\/es\/wp-json\/wp\/v2\/media?parent=4259"}],"curies":[{"name":"wp","href":"https:\/\/api.w.org\/{rel}","templated":true}]}}